{"id":146,"date":"2025-02-20T10:57:33","date_gmt":"2025-02-20T09:57:33","guid":{"rendered":"https:\/\/bistrotcforget.fr\/?page_id=146"},"modified":"2025-02-21T10:04:59","modified_gmt":"2025-02-21T09:04:59","slug":"contactez-nous","status":"publish","type":"page","link":"https:\/\/bistrotcforget.fr\/index.php\/contactez-nous\/","title":{"rendered":"Contact"},"content":{"rendered":"\t\t<div data-elementor-type=\"wp-page\" data-elementor-id=\"146\" class=\"elementor elementor-146\">\n\t\t\t\t<div class=\"elementor-element elementor-element-ee13e08 e-flex e-con-boxed e-con e-parent\" data-id=\"ee13e08\" data-element_type=\"container\" data-e-type=\"container\">\n\t\t\t\t\t<div class=\"e-con-inner\">\n\t\t<div class=\"elementor-element elementor-element-84aa64f e-con-full e-flex e-con e-child\" data-id=\"84aa64f\" data-element_type=\"container\" data-e-type=\"container\">\n\t\t\t\t<div class=\"elementor-element elementor-element-235e936 elementor-widget elementor-widget-heading\" data-id=\"235e936\" data-element_type=\"widget\" data-e-type=\"widget\" data-widget_type=\"heading.default\">\n\t\t\t\t<div class=\"elementor-widget-container\">\n\t\t\t\t\t<h2 class=\"elementor-heading-title elementor-size-default\">Contactez-nous<\/h2>\t\t\t\t<\/div>\n\t\t\t\t<\/div>\n\t\t\t\t<\/div>\n\t\t\t\t\t<\/div>\n\t\t\t\t<\/div>\n\t\t<div class=\"elementor-element elementor-element-32c38d4 e-flex e-con-boxed e-con e-parent\" data-id=\"32c38d4\" data-element_type=\"container\" data-e-type=\"container\">\n\t\t\t\t\t<div class=\"e-con-inner\">\n\t\t\t\t<div class=\"elementor-element elementor-element-5d12b5a elementor-widget-divider--view-line elementor-widget elementor-widget-divider\" data-id=\"5d12b5a\" data-element_type=\"widget\" data-e-type=\"widget\" data-widget_type=\"divider.default\">\n\t\t\t\t<div class=\"elementor-widget-container\">\n\t\t\t\t\t\t\t<div class=\"elementor-divider\">\n\t\t\t<span class=\"elementor-divider-separator\">\n\t\t\t\t\t\t<\/span>\n\t\t<\/div>\n\t\t\t\t\t\t<\/div>\n\t\t\t\t<\/div>\n\t\t\t\t\t<\/div>\n\t\t\t\t<\/div>\n\t\t<div class=\"elementor-element elementor-element-e0a031a e-flex e-con-boxed e-con e-parent\" data-id=\"e0a031a\" data-element_type=\"container\" data-e-type=\"container\">\n\t\t\t\t\t<div class=\"e-con-inner\">\n\t\t\t\t<div class=\"elementor-element elementor-element-efb47e4 elementor-widget elementor-widget-heading\" data-id=\"efb47e4\" data-element_type=\"widget\" data-e-type=\"widget\" data-widget_type=\"heading.default\">\n\t\t\t\t<div class=\"elementor-widget-container\">\n\t\t\t\t\t<h2 class=\"elementor-heading-title elementor-size-default\">Vous avez une question ?<\/h2>\t\t\t\t<\/div>\n\t\t\t\t<\/div>\n\t\t\t\t\t<\/div>\n\t\t\t\t<\/div>\n\t\t<div class=\"elementor-element elementor-element-4a7326d e-flex e-con-boxed e-con e-parent\" data-id=\"4a7326d\" data-element_type=\"container\" data-e-type=\"container\">\n\t\t\t\t\t<div class=\"e-con-inner\">\n\t\t\t\t<div class=\"elementor-element elementor-element-62a9378 elementor-widget elementor-widget-text-editor\" data-id=\"62a9378\" data-element_type=\"widget\" data-e-type=\"widget\" data-widget_type=\"text-editor.default\">\n\t\t\t\t<div class=\"elementor-widget-container\">\n\t\t\t\t\t\t\t\t\t<div><div><p>Une commande, une r\u00e9servation, besoin d\u2019informations compl\u00e9mentaires ?<\/p><\/div><div><p>Notre \u00e9quipe est \u00e0 votre \u00e9coute<\/p><\/div><\/div>\t\t\t\t\t\t\t\t<\/div>\n\t\t\t\t<\/div>\n\t\t\t\t\t<\/div>\n\t\t\t\t<\/div>\n\t\t<div class=\"elementor-element elementor-element-1c478d6 e-flex e-con-boxed e-con e-parent\" data-id=\"1c478d6\" data-element_type=\"container\" data-e-type=\"container\">\n\t\t\t\t\t<div class=\"e-con-inner\">\n\t\t<div class=\"elementor-element elementor-element-d09b1de e-con-full e-flex e-con e-child\" data-id=\"d09b1de\" data-element_type=\"container\" data-e-type=\"container\">\n\t\t<div class=\"elementor-element elementor-element-67cc298 e-con-full e-flex e-con e-child\" data-id=\"67cc298\" data-element_type=\"container\" data-e-type=\"container\">\n\t\t<div class=\"elementor-element elementor-element-66cf41a e-con-full e-flex e-con e-child\" data-id=\"66cf41a\" data-element_type=\"container\" data-e-type=\"container\">\n\t\t\t\t<div class=\"elementor-element elementor-element-e2dacdc elementor-widget elementor-widget-heading\" data-id=\"e2dacdc\" data-element_type=\"widget\" data-e-type=\"widget\" data-widget_type=\"heading.default\">\n\t\t\t\t<div class=\"elementor-widget-container\">\n\t\t\t\t\t<h2 class=\"elementor-heading-title elementor-size-default\">T\u00e9l\u00e9phone<\/h2>\t\t\t\t<\/div>\n\t\t\t\t<\/div>\n\t\t\t\t<div class=\"elementor-element elementor-element-2c72095 elementor-widget elementor-widget-text-editor\" data-id=\"2c72095\" data-element_type=\"widget\" data-e-type=\"widget\" data-widget_type=\"text-editor.default\">\n\t\t\t\t<div class=\"elementor-widget-container\">\n\t\t\t\t\t\t\t\t\t<div><div><p>05 55 74 32 47<\/p><\/div><\/div>\t\t\t\t\t\t\t\t<\/div>\n\t\t\t\t<\/div>\n\t\t\t\t<\/div>\n\t\t\t\t<\/div>\n\t\t\t\t<\/div>\n\t\t\t\t\t<\/div>\n\t\t\t\t<\/div>\n\t\t<div class=\"elementor-element elementor-element-4489630 e-flex e-con-boxed e-con e-parent\" data-id=\"4489630\" data-element_type=\"container\" data-e-type=\"container\">\n\t\t\t\t\t<div class=\"e-con-inner\">\n\t\t<div class=\"elementor-element elementor-element-f187ef0 e-con-full e-flex e-con e-child\" data-id=\"f187ef0\" data-element_type=\"container\" data-e-type=\"container\">\n\t\t<div class=\"elementor-element elementor-element-549e81d e-con-full e-flex e-con e-child\" data-id=\"549e81d\" data-element_type=\"container\" data-e-type=\"container\">\n\t\t\t\t<div class=\"elementor-element elementor-element-10bf010 elementor-widget elementor-widget-heading\" data-id=\"10bf010\" data-element_type=\"widget\" data-e-type=\"widget\" data-widget_type=\"heading.default\">\n\t\t\t\t<div class=\"elementor-widget-container\">\n\t\t\t\t\t<h2 class=\"elementor-heading-title elementor-size-default\">Email<\/h2>\t\t\t\t<\/div>\n\t\t\t\t<\/div>\n\t\t\t\t<div class=\"elementor-element elementor-element-fa81fd3 elementor-widget elementor-widget-text-editor\" data-id=\"fa81fd3\" data-element_type=\"widget\" data-e-type=\"widget\" data-widget_type=\"text-editor.default\">\n\t\t\t\t<div class=\"elementor-widget-container\">\n\t\t\t\t\t\t\t\t\t<div><div><p>bistrotcforget@orange.fr<\/p><\/div><\/div>\t\t\t\t\t\t\t\t<\/div>\n\t\t\t\t<\/div>\n\t\t\t\t<\/div>\n\t\t\t\t<\/div>\n\t\t\t\t\t<\/div>\n\t\t\t\t<\/div>\n\t\t<div class=\"elementor-element elementor-element-8e80108 e-con-full e-flex e-con e-parent\" data-id=\"8e80108\" data-element_type=\"container\" data-e-type=\"container\">\n\t\t<div class=\"elementor-element elementor-element-7c0b0df e-con-full e-flex e-con e-child\" data-id=\"7c0b0df\" data-element_type=\"container\" data-e-type=\"container\">\n\t\t<div class=\"elementor-element elementor-element-bf90379 e-con-full e-flex e-con e-child\" data-id=\"bf90379\" data-element_type=\"container\" data-e-type=\"container\">\n\t\t\t\t<div class=\"elementor-element elementor-element-527e632 elementor-widget elementor-widget-heading\" data-id=\"527e632\" data-element_type=\"widget\" data-e-type=\"widget\" data-widget_type=\"heading.default\">\n\t\t\t\t<div class=\"elementor-widget-container\">\n\t\t\t\t\t<h2 class=\"elementor-heading-title elementor-size-default\">Horaires d'ouverture<\/h2>\t\t\t\t<\/div>\n\t\t\t\t<\/div>\n\t\t\t\t<div class=\"elementor-element elementor-element-a6874e8 elementor-widget__width-initial elementor-widget elementor-widget-text-editor\" data-id=\"a6874e8\" data-element_type=\"widget\" data-e-type=\"widget\" data-widget_type=\"text-editor.default\">\n\t\t\t\t<div class=\"elementor-widget-container\">\n\t\t\t\t\t\t\t\t\t<div><div><p>Mercredi : 19h15 &#8211; 21h<\/p><\/div><div><p>Jeudi : 12h &#8211; 13h30 \/ 19h15 &#8211; 21h<\/p><\/div><div><p>Vendredi : 12h &#8211; 13h30 \/ 19h15 &#8211; 21h<\/p><\/div><div><p>Samedi : 12h &#8211; 13h30 \/ 19h15 &#8211; 21h<\/p><\/div><div><p>Dimanche : 12h &#8211; 13h30<\/p><\/div><\/div>\t\t\t\t\t\t\t\t<\/div>\n\t\t\t\t<\/div>\n\t\t\t\t<\/div>\n\t\t\t\t<\/div>\n\t\t\t\t<\/div>\n\t\t<div class=\"elementor-element elementor-element-78f4d91 e-flex e-con-boxed e-con e-parent\" data-id=\"78f4d91\" data-element_type=\"container\" data-e-type=\"container\">\n\t\t\t\t\t<div class=\"e-con-inner\">\n\t\t<div class=\"elementor-element elementor-element-373ae59 e-con-full e-flex e-con e-child\" data-id=\"373ae59\" data-element_type=\"container\" data-e-type=\"container\">\n\t\t<div class=\"elementor-element elementor-element-9db1ae5 e-con-full e-flex e-con e-child\" data-id=\"9db1ae5\" data-element_type=\"container\" data-e-type=\"container\">\n\t\t\t\t<div class=\"elementor-element elementor-element-512911f elementor-widget elementor-widget-heading\" data-id=\"512911f\" data-element_type=\"widget\" data-e-type=\"widget\" data-widget_type=\"heading.default\">\n\t\t\t\t<div class=\"elementor-widget-container\">\n\t\t\t\t\t<h2 class=\"elementor-heading-title elementor-size-default\">Adresse<\/h2>\t\t\t\t<\/div>\n\t\t\t\t<\/div>\n\t\t\t\t<div class=\"elementor-element elementor-element-ad6238c elementor-widget elementor-widget-google_maps\" data-id=\"ad6238c\" data-element_type=\"widget\" data-e-type=\"widget\" data-widget_type=\"google_maps.default\">\n\t\t\t\t<div class=\"elementor-widget-container\">\n\t\t\t\t\t\t\t<div class=\"elementor-custom-embed\">\n\t\t\t<iframe loading=\"lazy\"\n\t\t\t\t\tsrc=\"https:\/\/maps.google.com\/maps?q=53%20avenue%20de%20paris%20&#038;t=m&#038;z=15&#038;output=embed&#038;iwloc=near\"\n\t\t\t\t\ttitle=\"53 avenue de paris \"\n\t\t\t\t\taria-label=\"53 avenue de paris \"\n\t\t\t><\/iframe>\n\t\t<\/div>\n\t\t\t\t\t\t<\/div>\n\t\t\t\t<\/div>\n\t\t\t\t<div class=\"elementor-element elementor-element-e23131d elementor-widget elementor-widget-text-editor\" data-id=\"e23131d\" data-element_type=\"widget\" data-e-type=\"widget\" data-widget_type=\"text-editor.default\">\n\t\t\t\t<div class=\"elementor-widget-container\">\n\t\t\t\t\t\t\t\t\t<div><div><p>53 avenue de paris &#8211; 19100 &#8211; Brive-la-gaillarde<\/p><\/div><\/div>\t\t\t\t\t\t\t\t<\/div>\n\t\t\t\t<\/div>\n\t\t\t\t<\/div>\n\t\t\t\t<\/div>\n\t\t\t\t\t<\/div>\n\t\t\t\t<\/div>\n\t\t<div class=\"elementor-element elementor-element-d43bf5e e-con-full e-flex e-con e-parent\" data-id=\"d43bf5e\" data-element_type=\"container\" data-e-type=\"container\">\n\t\t<div class=\"elementor-element elementor-element-6616d46 e-con-full e-flex e-con e-child\" data-id=\"6616d46\" data-element_type=\"container\" data-e-type=\"container\">\n\t\t\t\t<div class=\"elementor-element elementor-element-4301c4f elementor-widget elementor-widget-heading\" data-id=\"4301c4f\" data-element_type=\"widget\" data-e-type=\"widget\" data-widget_type=\"heading.default\">\n\t\t\t\t<div class=\"elementor-widget-container\">\n\t\t\t\t\t<h2 class=\"elementor-heading-title elementor-size-default\">Nos r\u00e9seaux<\/h2>\t\t\t\t<\/div>\n\t\t\t\t<\/div>\n\t\t\t\t<\/div>\n\t\t<div class=\"elementor-element elementor-element-ac08a43 e-con-full e-flex e-con e-child\" data-id=\"ac08a43\" data-element_type=\"container\" data-e-type=\"container\">\n\t\t\t\t<div class=\"elementor-element elementor-element-cac5f4d elementor-shape-rounded elementor-grid-0 e-grid-align-center elementor-widget elementor-widget-social-icons\" data-id=\"cac5f4d\" data-element_type=\"widget\" data-e-type=\"widget\" data-widget_type=\"social-icons.default\">\n\t\t\t\t<div class=\"elementor-widget-container\">\n\t\t\t\t\t\t\t<div class=\"elementor-social-icons-wrapper elementor-grid\" role=\"list\">\n\t\t\t\t\t\t\t<span class=\"elementor-grid-item\" role=\"listitem\">\n\t\t\t\t\t<a class=\"elementor-icon elementor-social-icon elementor-social-icon-facebook elementor-repeater-item-a3a317e\" href=\"https:\/\/www.facebook.com\/bistrotcforget.brive\" target=\"_blank\">\n\t\t\t\t\t\t<span class=\"elementor-screen-only\">Facebook<\/span>\n\t\t\t\t\t\t<svg aria-hidden=\"true\" class=\"e-font-icon-svg e-fab-facebook\" viewBox=\"0 0 512 512\" xmlns=\"http:\/\/www.w3.org\/2000\/svg\"><path d=\"M504 256C504 119 393 8 256 8S8 119 8 256c0 123.78 90.69 226.38 209.25 245V327.69h-63V256h63v-54.64c0-62.15 37-96.48 93.67-96.48 27.14 0 55.52 4.84 55.52 4.84v61h-31.28c-30.8 0-40.41 19.12-40.41 38.73V256h68.78l-11 71.69h-57.78V501C413.31 482.38 504 379.78 504 256z\"><\/path><\/svg>\t\t\t\t\t<\/a>\n\t\t\t\t<\/span>\n\t\t\t\t\t\t\t<span class=\"elementor-grid-item\" role=\"listitem\">\n\t\t\t\t\t<a class=\"elementor-icon elementor-social-icon elementor-social-icon-linkedin elementor-repeater-item-59142e6\" href=\"https:\/\/www.linkedin.com\/company\/bistrot-c-forget\" target=\"_blank\">\n\t\t\t\t\t\t<span class=\"elementor-screen-only\">Linkedin<\/span>\n\t\t\t\t\t\t<svg aria-hidden=\"true\" class=\"e-font-icon-svg e-fab-linkedin\" viewBox=\"0 0 448 512\" xmlns=\"http:\/\/www.w3.org\/2000\/svg\"><path d=\"M416 32H31.9C14.3 32 0 46.5 0 64.3v383.4C0 465.5 14.3 480 31.9 480H416c17.6 0 32-14.5 32-32.3V64.3c0-17.8-14.4-32.3-32-32.3zM135.4 416H69V202.2h66.5V416zm-33.2-243c-21.3 0-38.5-17.3-38.5-38.5S80.9 96 102.2 96c21.2 0 38.5 17.3 38.5 38.5 0 21.3-17.2 38.5-38.5 38.5zm282.1 243h-66.4V312c0-24.8-.5-56.7-34.5-56.7-34.6 0-39.9 27-39.9 54.9V416h-66.4V202.2h63.7v29.2h.9c8.9-16.8 30.6-34.5 62.9-34.5 67.2 0 79.7 44.3 79.7 101.9V416z\"><\/path><\/svg>\t\t\t\t\t<\/a>\n\t\t\t\t<\/span>\n\t\t\t\t\t\t\t<span class=\"elementor-grid-item\" role=\"listitem\">\n\t\t\t\t\t<a class=\"elementor-icon elementor-social-icon elementor-social-icon-instagram elementor-repeater-item-a58940b\" href=\"https:\/\/www.instagram.com\/bistrotcforget\/\" target=\"_blank\">\n\t\t\t\t\t\t<span class=\"elementor-screen-only\">Instagram<\/span>\n\t\t\t\t\t\t<svg aria-hidden=\"true\" class=\"e-font-icon-svg e-fab-instagram\" viewBox=\"0 0 448 512\" xmlns=\"http:\/\/www.w3.org\/2000\/svg\"><path d=\"M224.1 141c-63.6 0-114.9 51.3-114.9 114.9s51.3 114.9 114.9 114.9S339 319.5 339 255.9 287.7 141 224.1 141zm0 189.6c-41.1 0-74.7-33.5-74.7-74.7s33.5-74.7 74.7-74.7 74.7 33.5 74.7 74.7-33.6 74.7-74.7 74.7zm146.4-194.3c0 14.9-12 26.8-26.8 26.8-14.9 0-26.8-12-26.8-26.8s12-26.8 26.8-26.8 26.8 12 26.8 26.8zm76.1 27.2c-1.7-35.9-9.9-67.7-36.2-93.9-26.2-26.2-58-34.4-93.9-36.2-37-2.1-147.9-2.1-184.9 0-35.8 1.7-67.6 9.9-93.9 36.1s-34.4 58-36.2 93.9c-2.1 37-2.1 147.9 0 184.9 1.7 35.9 9.9 67.7 36.2 93.9s58 34.4 93.9 36.2c37 2.1 147.9 2.1 184.9 0 35.9-1.7 67.7-9.9 93.9-36.2 26.2-26.2 34.4-58 36.2-93.9 2.1-37 2.1-147.8 0-184.8zM398.8 388c-7.8 19.6-22.9 34.7-42.6 42.6-29.5 11.7-99.5 9-132.1 9s-102.7 2.6-132.1-9c-19.6-7.8-34.7-22.9-42.6-42.6-11.7-29.5-9-99.5-9-132.1s-2.6-102.7 9-132.1c7.8-19.6 22.9-34.7 42.6-42.6 29.5-11.7 99.5-9 132.1-9s102.7-2.6 132.1 9c19.6 7.8 34.7 22.9 42.6 42.6 11.7 29.5 9 99.5 9 132.1s2.7 102.7-9 132.1z\"><\/path><\/svg>\t\t\t\t\t<\/a>\n\t\t\t\t<\/span>\n\t\t\t\t\t<\/div>\n\t\t\t\t\t\t<\/div>\n\t\t\t\t<\/div>\n\t\t\t\t<\/div>\n\t\t\t\t<\/div>\n\t\t<div class=\"elementor-element elementor-element-c3483da e-flex e-con-boxed e-con e-parent\" data-id=\"c3483da\" data-element_type=\"container\" data-e-type=\"container\">\n\t\t\t\t\t<div class=\"e-con-inner\">\n\t\t<div class=\"elementor-element elementor-element-6b53a06 e-con-full e-flex e-con e-child\" data-id=\"6b53a06\" data-element_type=\"container\" data-e-type=\"container\">\n\t\t<div class=\"elementor-element elementor-element-c953da7 e-con-full e-flex e-con e-child\" data-id=\"c953da7\" data-element_type=\"container\" data-e-type=\"container\">\n\t\t\t\t<div class=\"elementor-element elementor-element-ad566a1 elementor-widget elementor-widget-text-editor\" data-id=\"ad566a1\" data-element_type=\"widget\" data-e-type=\"widget\" data-widget_type=\"text-editor.default\">\n\t\t\t\t<div class=\"elementor-widget-container\">\n\t\t\t\t\t\t\t\t\t<p>Retour vers la page d&#8217;accueil<\/p>\t\t\t\t\t\t\t\t<\/div>\n\t\t\t\t<\/div>\n\t\t\t\t<div class=\"elementor-element elementor-element-1981eaf elementor-align-center elementor-widget elementor-widget-button\" data-id=\"1981eaf\" data-element_type=\"widget\" data-e-type=\"widget\" data-widget_type=\"button.default\">\n\t\t\t\t<div class=\"elementor-widget-container\">\n\t\t\t\t\t\t\t\t\t<div class=\"elementor-button-wrapper\">\n\t\t\t\t\t<a class=\"elementor-button elementor-button-link elementor-size-sm\" href=\"https:\/\/bistrotcforget.fr\/\">\n\t\t\t\t\t\t<span class=\"elementor-button-content-wrapper\">\n\t\t\t\t\t\t\t\t\t<span class=\"elementor-button-text\">Cliquez ici<\/span>\n\t\t\t\t\t<\/span>\n\t\t\t\t\t<\/a>\n\t\t\t\t<\/div>\n\t\t\t\t\t\t\t\t<\/div>\n\t\t\t\t<\/div>\n\t\t\t\t<\/div>\n\t\t<div class=\"elementor-element elementor-element-9c682c5 e-con-full e-flex e-con e-child\" data-id=\"9c682c5\" data-element_type=\"container\" data-e-type=\"container\">\n\t\t\t\t<div class=\"elementor-element elementor-element-7f38c1f elementor-align-center elementor-widget elementor-widget-button\" data-id=\"7f38c1f\" data-element_type=\"widget\" data-e-type=\"widget\" data-widget_type=\"button.default\">\n\t\t\t\t<div class=\"elementor-widget-container\">\n\t\t\t\t\t\t\t\t\t<div class=\"elementor-button-wrapper\">\n\t\t\t\t\t<a class=\"elementor-button elementor-button-link elementor-size-sm\" href=\"https:\/\/bistrotcforget.fr\/index.php\/mentions-legales-et-politique-de-protection-des-donnees\/\">\n\t\t\t\t\t\t<span class=\"elementor-button-content-wrapper\">\n\t\t\t\t\t\t\t\t\t<span class=\"elementor-button-text\">Mentions l\u00e9gales et politique de protection des donn\u00e9es<\/span>\n\t\t\t\t\t<\/span>\n\t\t\t\t\t<\/a>\n\t\t\t\t<\/div>\n\t\t\t\t\t\t\t\t<\/div>\n\t\t\t\t<\/div>\n\t\t\t\t<div class=\"elementor-element elementor-element-34a273a elementor-align-center elementor-widget elementor-widget-button\" data-id=\"34a273a\" data-element_type=\"widget\" data-e-type=\"widget\" data-widget_type=\"button.default\">\n\t\t\t\t<div class=\"elementor-widget-container\">\n\t\t\t\t\t\t\t\t\t<div class=\"elementor-button-wrapper\">\n\t\t\t\t\t<a class=\"elementor-button elementor-button-link elementor-size-sm\" href=\"https:\/\/bistrotcforget.fr\/index.php\/politique-de-confidentialite\/\">\n\t\t\t\t\t\t<span class=\"elementor-button-content-wrapper\">\n\t\t\t\t\t\t\t\t\t<span class=\"elementor-button-text\">Politique de confidentialit\u00e9<\/span>\n\t\t\t\t\t<\/span>\n\t\t\t\t\t<\/a>\n\t\t\t\t<\/div>\n\t\t\t\t\t\t\t\t<\/div>\n\t\t\t\t<\/div>\n\t\t\t\t<\/div>\n\t\t\t\t<\/div>\n\t\t\t\t\t<\/div>\n\t\t\t\t<\/div>\n\t\t\t\t<\/div>\n\t\t","protected":false},"excerpt":{"rendered":"<p>Contactez-nous Vous avez une question ? Une commande, une r\u00e9servation, besoin d\u2019informations compl\u00e9mentaires ? Notre \u00e9quipe est \u00e0 votre \u00e9coute T\u00e9l\u00e9phone 05 55 74 32 47 Email bistrotcforget@orange.fr Horaires d&#8217;ouverture Mercredi : 19h15 &#8211; 21h Jeudi : 12h &#8211; 13h30 \/ 19h15 &#8211; 21h Vendredi : 12h &#8211; 13h30 \/ 19h15 &#8211; 21h Samedi : [&hellip;]<\/p>\n","protected":false},"author":1,"featured_media":0,"parent":0,"menu_order":0,"comment_status":"closed","ping_status":"closed","template":"page-no-title","meta":{"footnotes":""},"class_list":["post-146","page","type-page","status-publish","hentry"],"yoast_head":"<!-- This site is optimized with the Yoast SEO plugin v24.4 - https:\/\/yoast.com\/wordpress\/plugins\/seo\/ -->\n<title>Contact - Bistrot C Forget<\/title>\n<meta name=\"description\" content=\"Une commande, une r\u00e9servation, besoin d\u2019informations compl\u00e9mentaires ?Notre \u00e9quipe est \u00e0 votre \u00e9coute pour l&#039;ensemble de vos demandes.\" \/>\n<meta name=\"robots\" content=\"index, follow, max-snippet:-1, max-image-preview:large, max-video-preview:-1\" \/>\n<link rel=\"canonical\" href=\"https:\/\/bistrotcforget.fr\/index.php\/contactez-nous\/\" \/>\n<meta property=\"og:locale\" content=\"en_US\" \/>\n<meta property=\"og:type\" content=\"article\" \/>\n<meta property=\"og:title\" content=\"Contact - Bistrot C Forget\" \/>\n<meta property=\"og:description\" content=\"Une commande, une r\u00e9servation, besoin d\u2019informations compl\u00e9mentaires ?Notre \u00e9quipe est \u00e0 votre \u00e9coute pour l&#039;ensemble de vos demandes.\" \/>\n<meta property=\"og:url\" content=\"https:\/\/bistrotcforget.fr\/index.php\/contactez-nous\/\" \/>\n<meta property=\"og:site_name\" content=\"Bistrot C Forget\" \/>\n<meta property=\"article:modified_time\" content=\"2025-02-21T09:04:59+00:00\" \/>\n<meta name=\"twitter:card\" content=\"summary_large_image\" \/>\n<meta name=\"twitter:label1\" content=\"Est. reading time\" \/>\n\t<meta name=\"twitter:data1\" content=\"1 minute\" \/>\n<script type=\"application\/ld+json\" class=\"yoast-schema-graph\">{\"@context\":\"https:\/\/schema.org\",\"@graph\":[{\"@type\":\"WebPage\",\"@id\":\"https:\/\/bistrotcforget.fr\/index.php\/contactez-nous\/\",\"url\":\"https:\/\/bistrotcforget.fr\/index.php\/contactez-nous\/\",\"name\":\"Contact - Bistrot C Forget\",\"isPartOf\":{\"@id\":\"https:\/\/bistrotcforget.fr\/#website\"},\"datePublished\":\"2025-02-20T09:57:33+00:00\",\"dateModified\":\"2025-02-21T09:04:59+00:00\",\"description\":\"Une commande, une r\u00e9servation, besoin d\u2019informations compl\u00e9mentaires ?Notre \u00e9quipe est \u00e0 votre \u00e9coute pour l'ensemble de vos demandes.\",\"breadcrumb\":{\"@id\":\"https:\/\/bistrotcforget.fr\/index.php\/contactez-nous\/#breadcrumb\"},\"inLanguage\":\"en-US\",\"potentialAction\":[{\"@type\":\"ReadAction\",\"target\":[\"https:\/\/bistrotcforget.fr\/index.php\/contactez-nous\/\"]}]},{\"@type\":\"BreadcrumbList\",\"@id\":\"https:\/\/bistrotcforget.fr\/index.php\/contactez-nous\/#breadcrumb\",\"itemListElement\":[{\"@type\":\"ListItem\",\"position\":1,\"name\":\"Home\",\"item\":\"https:\/\/bistrotcforget.fr\/\"},{\"@type\":\"ListItem\",\"position\":2,\"name\":\"Contact\"}]},{\"@type\":\"WebSite\",\"@id\":\"https:\/\/bistrotcforget.fr\/#website\",\"url\":\"https:\/\/bistrotcforget.fr\/\",\"name\":\"Bistrot C Forget\",\"description\":\"La cuisine est un univers qui m\u00e9rite d&#039;\u00eatre partag\u00e9\",\"publisher\":{\"@id\":\"https:\/\/bistrotcforget.fr\/#organization\"},\"potentialAction\":[{\"@type\":\"SearchAction\",\"target\":{\"@type\":\"EntryPoint\",\"urlTemplate\":\"https:\/\/bistrotcforget.fr\/?s={search_term_string}\"},\"query-input\":{\"@type\":\"PropertyValueSpecification\",\"valueRequired\":true,\"valueName\":\"search_term_string\"}}],\"inLanguage\":\"en-US\"},{\"@type\":\"Organization\",\"@id\":\"https:\/\/bistrotcforget.fr\/#organization\",\"name\":\"Bistrot C Forget\",\"url\":\"https:\/\/bistrotcforget.fr\/\",\"logo\":{\"@type\":\"ImageObject\",\"inLanguage\":\"en-US\",\"@id\":\"https:\/\/bistrotcforget.fr\/#\/schema\/logo\/image\/\",\"url\":\"https:\/\/bistrotcforget.fr\/wp-content\/uploads\/2025\/02\/BISTROT-C-FORGET-LOGO-ANIMATION.png\",\"contentUrl\":\"https:\/\/bistrotcforget.fr\/wp-content\/uploads\/2025\/02\/BISTROT-C-FORGET-LOGO-ANIMATION.png\",\"width\":2253,\"height\":896,\"caption\":\"Bistrot C Forget\"},\"image\":{\"@id\":\"https:\/\/bistrotcforget.fr\/#\/schema\/logo\/image\/\"}}]}<\/script>\n<!-- \/ Yoast SEO plugin. -->","yoast_head_json":{"title":"Contact - Bistrot C Forget","description":"Une commande, une r\u00e9servation, besoin d\u2019informations compl\u00e9mentaires ?Notre \u00e9quipe est \u00e0 votre \u00e9coute pour l'ensemble de vos demandes.","robots":{"index":"index","follow":"follow","max-snippet":"max-snippet:-1","max-image-preview":"max-image-preview:large","max-video-preview":"max-video-preview:-1"},"canonical":"https:\/\/bistrotcforget.fr\/index.php\/contactez-nous\/","og_locale":"en_US","og_type":"article","og_title":"Contact - Bistrot C Forget","og_description":"Une commande, une r\u00e9servation, besoin d\u2019informations compl\u00e9mentaires ?Notre \u00e9quipe est \u00e0 votre \u00e9coute pour l'ensemble de vos demandes.","og_url":"https:\/\/bistrotcforget.fr\/index.php\/contactez-nous\/","og_site_name":"Bistrot C Forget","article_modified_time":"2025-02-21T09:04:59+00:00","twitter_card":"summary_large_image","twitter_misc":{"Est. reading time":"1 minute"},"schema":{"@context":"https:\/\/schema.org","@graph":[{"@type":"WebPage","@id":"https:\/\/bistrotcforget.fr\/index.php\/contactez-nous\/","url":"https:\/\/bistrotcforget.fr\/index.php\/contactez-nous\/","name":"Contact - Bistrot C Forget","isPartOf":{"@id":"https:\/\/bistrotcforget.fr\/#website"},"datePublished":"2025-02-20T09:57:33+00:00","dateModified":"2025-02-21T09:04:59+00:00","description":"Une commande, une r\u00e9servation, besoin d\u2019informations compl\u00e9mentaires ?Notre \u00e9quipe est \u00e0 votre \u00e9coute pour l'ensemble de vos demandes.","breadcrumb":{"@id":"https:\/\/bistrotcforget.fr\/index.php\/contactez-nous\/#breadcrumb"},"inLanguage":"en-US","potentialAction":[{"@type":"ReadAction","target":["https:\/\/bistrotcforget.fr\/index.php\/contactez-nous\/"]}]},{"@type":"BreadcrumbList","@id":"https:\/\/bistrotcforget.fr\/index.php\/contactez-nous\/#breadcrumb","itemListElement":[{"@type":"ListItem","position":1,"name":"Home","item":"https:\/\/bistrotcforget.fr\/"},{"@type":"ListItem","position":2,"name":"Contact"}]},{"@type":"WebSite","@id":"https:\/\/bistrotcforget.fr\/#website","url":"https:\/\/bistrotcforget.fr\/","name":"Bistrot C Forget","description":"La cuisine est un univers qui m\u00e9rite d&#039;\u00eatre partag\u00e9","publisher":{"@id":"https:\/\/bistrotcforget.fr\/#organization"},"potentialAction":[{"@type":"SearchAction","target":{"@type":"EntryPoint","urlTemplate":"https:\/\/bistrotcforget.fr\/?s={search_term_string}"},"query-input":{"@type":"PropertyValueSpecification","valueRequired":true,"valueName":"search_term_string"}}],"inLanguage":"en-US"},{"@type":"Organization","@id":"https:\/\/bistrotcforget.fr\/#organization","name":"Bistrot C Forget","url":"https:\/\/bistrotcforget.fr\/","logo":{"@type":"ImageObject","inLanguage":"en-US","@id":"https:\/\/bistrotcforget.fr\/#\/schema\/logo\/image\/","url":"https:\/\/bistrotcforget.fr\/wp-content\/uploads\/2025\/02\/BISTROT-C-FORGET-LOGO-ANIMATION.png","contentUrl":"https:\/\/bistrotcforget.fr\/wp-content\/uploads\/2025\/02\/BISTROT-C-FORGET-LOGO-ANIMATION.png","width":2253,"height":896,"caption":"Bistrot C Forget"},"image":{"@id":"https:\/\/bistrotcforget.fr\/#\/schema\/logo\/image\/"}}]}},"_links":{"self":[{"href":"https:\/\/bistrotcforget.fr\/index.php\/wp-json\/wp\/v2\/pages\/146","targetHints":{"allow":["GET"]}}],"collection":[{"href":"https:\/\/bistrotcforget.fr\/index.php\/wp-json\/wp\/v2\/pages"}],"about":[{"href":"https:\/\/bistrotcforget.fr\/index.php\/wp-json\/wp\/v2\/types\/page"}],"author":[{"embeddable":true,"href":"https:\/\/bistrotcforget.fr\/index.php\/wp-json\/wp\/v2\/users\/1"}],"replies":[{"embeddable":true,"href":"https:\/\/bistrotcforget.fr\/index.php\/wp-json\/wp\/v2\/comments?post=146"}],"version-history":[{"count":35,"href":"https:\/\/bistrotcforget.fr\/index.php\/wp-json\/wp\/v2\/pages\/146\/revisions"}],"predecessor-version":[{"id":570,"href":"https:\/\/bistrotcforget.fr\/index.php\/wp-json\/wp\/v2\/pages\/146\/revisions\/570"}],"wp:attachment":[{"href":"https:\/\/bistrotcforget.fr\/index.php\/wp-json\/wp\/v2\/media?parent=146"}],"curies":[{"name":"wp","href":"https:\/\/api.w.org\/{rel}","templated":true}]}}